{"id":3,"date":"2024-03-22T13:45:06","date_gmt":"2024-03-22T13:45:06","guid":{"rendered":"http:\/\/weitzendorfer.at\/?page_id=3"},"modified":"2024-04-19T08:08:09","modified_gmt":"2024-04-19T08:08:09","slug":"privacy-policy","status":"publish","type":"page","link":"https:\/\/weitzendorfer.at\/?page_id=3","title":{"rendered":"Datenschutz-Grundverordnung (DSGVO)"},"content":{"rendered":"\n<hr class=\"wp-block-separator has-alpha-channel-opacity\"\/>\n\n\n\n<p>Information zum A1 Webspace Business<\/p>\n\n\n\n<h6 class=\"wp-block-heading\">Allgemein<\/h6>\n\n\n\n<p><br>A1 ist der Webhostingprovider und Auftragsverarbeiter. Die Infrastruktur befindet sich in \u00d6sterreich.<br>Die dem Vertrag zu Grunde liegende Auftragsverarbeitungsvereinbarung kann jederzeit bei A1 angefordert werden.<\/p>\n\n\n\n<p>Speicherung von Zugriffen auf Webseiten\/Logfiles<br>Bei Logfiles handelt es sich um eine Datei, in der Prozesse, die in einem Computer- oder Netzwerksystem ablaufen, protokolliert werden. Logfiles fallen unter die Kategorie Verkehrsdaten.<\/p>\n\n\n\n<p>A1 als Webhostingprovider speichert von Webseitenbesuchern folgende Informationen 14 Tage:<\/p>\n\n\n\n<ul class=\"wp-block-list\">\n<li>Besuchte Webseite<\/li>\n\n\n\n<li>Uhrzeit zum Zeitpunkt des Zugriffes<\/li>\n\n\n\n<li>Menge der gesendeten Daten<\/li>\n\n\n\n<li>die Quelle oder den Verweis, durch welchen Sie auf die Webseite gelangten<\/li>\n\n\n\n<li>den verwendeten Browser<\/li>\n\n\n\n<li>das verwendete Betriebssystem<\/li>\n\n\n\n<li>die verwendete IP-Adresse des Besuchers<\/li>\n\n\n\n<li>den HTTP-Antwortcode<\/li>\n<\/ul>\n\n\n\n<p>Unabh\u00e4ngig dieser Speicherdauer hat der Webseitenbetreiber die M\u00f6glichkeit, eine Statistiksoftware zu aktivieren. Diese Software ist auf dem Webseitenbetreiber-Webspace vorinstalliert, aber in der A1 Standardeinstellung nicht aktiviert. Bei einer Aktivierung dieser Statistiksoftware durch den Webseitenbetreiber, werden aus den Logfiles, Statistikfiles generiert. Diese Statistikfiles liegen dann im Verantwortungsbereich des Webseitenbetreibers.<br>Die Speicherdauer dieser Statistikfiles betr\u00e4gt 12 Monate. Nach Ablauf der Speicherdauer werden die aufgezeichneten Statistikfiles automatisch gel\u00f6scht. Eine externe Sicherung dieser Statistikfiles steht dem Webseitenbetreiber selbstverst\u00e4ndlich frei und liegt nicht im Einflussbereich von A1.<br>Die Statistiksoftware kann durch den Webseitenbetreiber jederzeit deaktiviert werden. In diesem Fall verbleiben die gespeicherten Statistikfiles jedoch noch maximal bis zu 12 Monate auf dem Server.<br>Andere vom Webseitenbetreiber genutzte Statistiktools (z.B. Google Analytics), die nicht von A1 bereitgestellt werden, liegen nicht im Einflussbereich von A1.<\/p>\n\n\n\n<h6 class=\"wp-block-heading\">Datenschutz<\/h6>\n\n\n\n<p>Damit der Datenschutz der Besucher gewahrt wird, m\u00fcssen Sie als Webseitenbetreiber die Logfiles in der Datenschutzerkl\u00e4rung auf Ihrer Webseite erw\u00e4hnen.<\/p>\n\n\n\n<h6 class=\"wp-block-heading\">Cookies<\/h6>\n\n\n\n<p>Als Webseitenbetreiber sind Sie f\u00fcr den Hinweis zur Verwendung von Cookies verantwortlich.<br>Der Endbenutzer ist verantwortlich f\u00fcr die Zustimmung zur Verwendung von Cookies und auch f\u00fcr die Aufzeichnung \/ L\u00f6schung der Cookies in seinem Browser.<br>Abh\u00e4ngig von der Programmierung der Webseite gibt die Applikation die Verwendung von Cookies vor.<\/p>\n\n\n\n<h6 class=\"wp-block-heading\">Formulare<\/h6>\n\n\n\n<p>Verwenden Sie als Webseitenbetreiber Formulare auf Ihrer Webseite, mit denen personenbezogene Daten erhoben werden (z.B. Kontaktformular, Formular zur Newsletter Anmeldung), m\u00fcssen diese mit Hilfe eines SSL Zertifikats (HTTPS) verschl\u00fcsselt werden.<\/p>\n\n\n\n<p><strong class=\"privacy-policy-tutorial\"><\/strong><\/p>\n","protected":false},"excerpt":{"rendered":"<p>Information zum A1 Webspace Business Allgemein A1 ist der Webhostingprovider und Auftragsverarbeiter. Die Infrastruktur befindet sich in \u00d6sterreich.Die dem Vertrag zu Grunde liegende Auftragsverarbeitungsvereinbarung kann jederzeit bei A1 angefordert werden. Speicherung von Zugriffen auf Webseiten\/LogfilesBei Logfiles handelt es sich um eine Datei, in der Prozesse, die in einem Computer- oder Netzwerksystem ablaufen, protokolliert werden. Logfiles [&hellip;]<\/p>\n","protected":false},"author":1,"featured_media":0,"parent":0,"menu_order":0,"comment_status":"closed","ping_status":"closed","template":"","meta":{"footnotes":""},"class_list":["post-3","page","type-page","status-publish","hentry"],"_links":{"self":[{"href":"https:\/\/weitzendorfer.at\/index.php?rest_route=\/wp\/v2\/pages\/3","targetHints":{"allow":["GET"]}}],"collection":[{"href":"https:\/\/weitzendorfer.at\/index.php?rest_route=\/wp\/v2\/pages"}],"about":[{"href":"https:\/\/weitzendorfer.at\/index.php?rest_route=\/wp\/v2\/types\/page"}],"author":[{"embeddable":true,"href":"https:\/\/weitzendorfer.at\/index.php?rest_route=\/wp\/v2\/users\/1"}],"replies":[{"embeddable":true,"href":"https:\/\/weitzendorfer.at\/index.php?rest_route=%2Fwp%2Fv2%2Fcomments&post=3"}],"version-history":[{"count":1,"href":"https:\/\/weitzendorfer.at\/index.php?rest_route=\/wp\/v2\/pages\/3\/revisions"}],"predecessor-version":[{"id":96,"href":"https:\/\/weitzendorfer.at\/index.php?rest_route=\/wp\/v2\/pages\/3\/revisions\/96"}],"wp:attachment":[{"href":"https:\/\/weitzendorfer.at\/index.php?rest_route=%2Fwp%2Fv2%2Fmedia&parent=3"}],"curies":[{"name":"wp","href":"https:\/\/api.w.org\/{rel}","templated":true}]}}